{"id":90,"date":"2013-05-01T16:08:41","date_gmt":"2013-05-01T16:08:41","guid":{"rendered":"http:\/\/nbsprn.wpengine.com\/?page_id=90"},"modified":"2013-06-03T18:13:43","modified_gmt":"2013-06-03T18:13:43","slug":"project-funding-opportunities","status":"publish","type":"page","link":"http:\/\/www.policyresearchnetwork.ca\/fr\/project-funding-opportunities\/","title":{"rendered":"Possibilit\u00e9s de financement de projets"},"content":{"rendered":"<p>Cette section pr\u00e9sente diverses possibilit\u00e9s de financement accessibles pour des recherches portant sur les enjeux de politiques publiques dans notre province, ce qui comprend les trois grands organismes subventionnaires du Canada (CRSH,\u00a0IRSC,\u00a0CRSNG) et d\u2019autres ressources financi\u00e8res.<\/p>","protected":false},"excerpt":{"rendered":"<p>Cette section pr\u00e9sente diverses possibilit\u00e9s de financement accessibles pour des recherches portant sur les enjeux de politiques [&hellip;]<\/p>\n","protected":false},"author":1,"featured_media":0,"parent":0,"menu_order":0,"comment_status":"open","ping_status":"open","template":"funding.php","meta":{"footnotes":""},"class_list":["post-90","page","type-page","status-publish","hentry"],"_links":{"self":[{"href":"http:\/\/www.policyresearchnetwork.ca\/fr\/wp-json\/wp\/v2\/pages\/90","targetHints":{"allow":["GET"]}}],"collection":[{"href":"http:\/\/www.policyresearchnetwork.ca\/fr\/wp-json\/wp\/v2\/pages"}],"about":[{"href":"http:\/\/www.policyresearchnetwork.ca\/fr\/wp-json\/wp\/v2\/types\/page"}],"author":[{"embeddable":true,"href":"http:\/\/www.policyresearchnetwork.ca\/fr\/wp-json\/wp\/v2\/users\/1"}],"replies":[{"embeddable":true,"href":"http:\/\/www.policyresearchnetwork.ca\/fr\/wp-json\/wp\/v2\/comments?post=90"}],"version-history":[{"count":0,"href":"http:\/\/www.policyresearchnetwork.ca\/fr\/wp-json\/wp\/v2\/pages\/90\/revisions"}],"wp:attachment":[{"href":"http:\/\/www.policyresearchnetwork.ca\/fr\/wp-json\/wp\/v2\/media?parent=90"}],"curies":[{"name":"wp","href":"https:\/\/api.w.org\/{rel}","templated":true}]}}