{"id":84,"date":"2013-05-01T16:06:48","date_gmt":"2013-05-01T16:06:48","guid":{"rendered":"http:\/\/nbsprn.wpengine.com\/?page_id=84"},"modified":"2017-06-07T14:29:55","modified_gmt":"2017-06-07T14:29:55","slug":"documents","status":"publish","type":"page","link":"http:\/\/www.policyresearchnetwork.ca\/fr\/documents\/","title":{"rendered":"Documents"},"content":{"rendered":"<p><a href=\"http:\/\/www.gnb.ca\/0073\/Child-YouthAdvocate\/KCYSHNB-SPDCEJNB\/PreventionDommagesCausesEnfantsJeunes.pdf\">Strat\u00e9gie de pr\u00e9vention des dommages caus\u00e9s aux enfants et aux jeunes au Nouveau-Brunswick: une strat\u00e9gie quinquennale \u00e9labor\u00e9e par les N\u00e9o-Brunswickois<\/a><\/p>\n<p id=\"wb-cont\"><a href=\"http:\/\/ouvert.canada.ca\/fr\/contenu\/plan-daction-du-canada-gouvernement-ouvert-2014-2016\" target=\"_blank\" rel=\"noopener noreferrer\">Plan d&rsquo;action du canada pour un gouvernement ouvert 2014-2016<\/a><\/p>\n<p><a href=\"http:\/\/www.policyresearchnetwork.ca\/wp-content\/uploads\/2013\/09\/FR-Plan-dApprentissage-05-11-2013.pdf\" target=\"_blank\" rel=\"noopener noreferrer\">Un plan d&rsquo;apprentissage : 2013-2018<\/a><\/p>\n<p><a href=\"http:\/\/www.gnb.ca\/0000\/publications\/comm\/PALC.pdf\" target=\"_blank\" rel=\"noopener noreferrer\">La politique d&rsquo;am\u00e9nagement linguistique et culturel : Un projet de soci\u00e9t\u00e9 pour l&rsquo;\u00e9ducation en langue fran\u00e7aise<\/a><\/p>\n<p><a href=\"http:\/\/www.statcan.gc.ca\/pub\/11-626-x\/11-626-x2014033-fra.pdf\" target=\"_blank\" rel=\"noopener noreferrer\">Interpr\u00e9tation des variations mensuelles de l&#8217;emploi provenant de l&rsquo;Enqu\u00eate sur la population active<\/a><\/p>\n<p><a href=\"http:\/\/www.caledoninst.org\/Publications\/PDF\/772FRE.pdf\" target=\"_blank\" rel=\"noopener noreferrer\">Collaboration sur les politiques: Un manuel produit par les partenaires de la Collaboration communaut\u00e9-gouvernement sur les politiques<\/a><\/p>\n<p><a href=\"http:\/\/www.policyresearchnetwork.ca\/wp-content\/uploads\/2013\/07\/Domaines-de-recherche-potentiels-fo-nd\u00e9s-sur-les-engagements-du-GNB.pdf\" target=\"_blank\" rel=\"noopener noreferrer\">Domaines de recherche potentiels fond\u00e9s sur les engagements du GNB<\/a><\/p>\n<p><a href=\"http:\/\/www2.gnb.ca\/content\/dam\/gnb\/Departments\/nr-rn\/pdf\/fr\/ForetsEtTerresDeLaCouronne\/StratgieDeGestionDesForetsDeLaCouronne.pdf\" target=\"_blank\" rel=\"noopener noreferrer\">Strat\u00e9gie de gestion des for\u00eats de la Couronne<\/a><\/p>\n<h3>Documents RRPSNB<\/h3>\n<p><a href=\"http:\/\/www.policyresearchnetwork.ca\/wp-content\/uploads\/2013\/05\/Upcomingtri-councilawarddeadlines.pdf\" target=\"_blank\" rel=\"noopener noreferrer\">Dates limites des comp\u00e9titions inter-conseils<\/a><\/p>\n<p><a href=\"http:\/\/www.policyresearchnetwork.ca\/wp-content\/uploads\/2013\/05\/Research-Catalogue-Ask-1-fr.pdf\" target=\"_blank\" rel=\"noopener noreferrer\">Demande pour catalogue de recherche<\/a><\/p>\n<p><a href=\"http:\/\/www.policyresearchnetwork.ca\/wp-content\/uploads\/2013\/05\/Services-de-mobilisation-des-connaissances.pdf\" target=\"_blank\" rel=\"noopener noreferrer\">Services de mobilisation des connaissances<\/a><\/p>\n<p><a href=\"http:\/\/www.policyresearchnetwork.ca\/wp-content\/uploads\/2013\/05\/2014-Annual-Report-FR-for-web-21.pdf\" target=\"_blank\" rel=\"noopener noreferrer\">Rapport RRPSNB 2014-2015<\/a><\/p>\n<p><a href=\"http:\/\/nbsprn.wpengine.com\/wp-content\/uploads\/2013\/06\/2011-12-annual-report-eng-fr.pdf\" target=\"_blank\" rel=\"noopener noreferrer\">Rapport\u00a0RRPSNB 2011-2012<\/a><\/p>\n<p><a href=\"http:\/\/nbsprn.wpengine.com\/wp-content\/uploads\/2013\/06\/2010-11-annual-report-bilingual.pdf\" target=\"_blank\" rel=\"noopener noreferrer\">Rapport\u00a0RRPSNB 2010-2011<\/a><\/p>\n<p><img loading=\"lazy\" decoding=\"async\" src=\"http:\/\/nbsprn.wpengine.com\/wp-content\/uploads\/2013\/05\/Con-Hall-purple-flowers-e1369681540328-1024x414.jpg\" alt=\"Con Hall purple flowers\" width=\"1024\" height=\"414\" \/><\/p>","protected":false},"excerpt":{"rendered":"<p>Strat\u00e9gie de pr\u00e9vention des dommages caus\u00e9s aux enfants et aux jeunes au Nouveau-Brunswick: une strat\u00e9gie quinquennale \u00e9labor\u00e9e [&hellip;]<\/p>\n","protected":false},"author":1,"featured_media":0,"parent":0,"menu_order":0,"comment_status":"open","ping_status":"open","template":"","meta":{"footnotes":""},"class_list":["post-84","page","type-page","status-publish","hentry"],"_links":{"self":[{"href":"http:\/\/www.policyresearchnetwork.ca\/fr\/wp-json\/wp\/v2\/pages\/84","targetHints":{"allow":["GET"]}}],"collection":[{"href":"http:\/\/www.policyresearchnetwork.ca\/fr\/wp-json\/wp\/v2\/pages"}],"about":[{"href":"http:\/\/www.policyresearchnetwork.ca\/fr\/wp-json\/wp\/v2\/types\/page"}],"author":[{"embeddable":true,"href":"http:\/\/www.policyresearchnetwork.ca\/fr\/wp-json\/wp\/v2\/users\/1"}],"replies":[{"embeddable":true,"href":"http:\/\/www.policyresearchnetwork.ca\/fr\/wp-json\/wp\/v2\/comments?post=84"}],"version-history":[{"count":0,"href":"http:\/\/www.policyresearchnetwork.ca\/fr\/wp-json\/wp\/v2\/pages\/84\/revisions"}],"wp:attachment":[{"href":"http:\/\/www.policyresearchnetwork.ca\/fr\/wp-json\/wp\/v2\/media?parent=84"}],"curies":[{"name":"wp","href":"https:\/\/api.w.org\/{rel}","templated":true}]}}