{"id":80,"date":"2013-05-01T16:04:17","date_gmt":"2013-05-01T16:04:17","guid":{"rendered":"http:\/\/nbsprn.wpengine.com\/?page_id=80"},"modified":"2014-06-24T12:27:56","modified_gmt":"2014-06-24T12:27:56","slug":"mission-vision","status":"publish","type":"page","link":"http:\/\/www.policyresearchnetwork.ca\/fr\/mission-vision\/","title":{"rendered":"Mission et Vision"},"content":{"rendered":"<p><strong>Mission<\/strong><br \/>\nLe\u00a0RRPSNB appuie les politiques publiques fond\u00e9es sur des donn\u00e9es probantes en \u00e9tablissant des liens entre ceux qui prennent des d\u00e9cisions, ceux qui effectuent des recherches, les organisations non gouvernementales et les citoyens du Nouveau-Brunswick.<\/p>\n<p><strong>Vision<\/strong><br \/>\nLe\u00a0RRPSNB veut faire du Nouveau-Brunswick un chef de file dans l&rsquo;\u00e9laboration de politiques fond\u00e9es sur des donn\u00e9es probantes gr\u00e2ce \u00e0 la gouvernance en r\u00e9seau.<\/p>\n<p><img loading=\"lazy\" decoding=\"async\" src=\"http:\/\/nbsprn.wpengine.com\/wp-content\/uploads\/2013\/05\/OldArts-building-FTON-e1369680888352-1024x368.jpg\" alt=\"OldArts building FTON\" width=\"1024\" height=\"368\" \/><\/p>","protected":false},"excerpt":{"rendered":"<p>Mission Le\u00a0RRPSNB appuie les politiques publiques fond\u00e9es sur des donn\u00e9es probantes en \u00e9tablissant des liens entre ceux [&hellip;]<\/p>\n","protected":false},"author":1,"featured_media":0,"parent":0,"menu_order":0,"comment_status":"open","ping_status":"open","template":"","meta":{"footnotes":""},"class_list":["post-80","page","type-page","status-publish","hentry"],"_links":{"self":[{"href":"http:\/\/www.policyresearchnetwork.ca\/fr\/wp-json\/wp\/v2\/pages\/80","targetHints":{"allow":["GET"]}}],"collection":[{"href":"http:\/\/www.policyresearchnetwork.ca\/fr\/wp-json\/wp\/v2\/pages"}],"about":[{"href":"http:\/\/www.policyresearchnetwork.ca\/fr\/wp-json\/wp\/v2\/types\/page"}],"author":[{"embeddable":true,"href":"http:\/\/www.policyresearchnetwork.ca\/fr\/wp-json\/wp\/v2\/users\/1"}],"replies":[{"embeddable":true,"href":"http:\/\/www.policyresearchnetwork.ca\/fr\/wp-json\/wp\/v2\/comments?post=80"}],"version-history":[{"count":0,"href":"http:\/\/www.policyresearchnetwork.ca\/fr\/wp-json\/wp\/v2\/pages\/80\/revisions"}],"wp:attachment":[{"href":"http:\/\/www.policyresearchnetwork.ca\/fr\/wp-json\/wp\/v2\/media?parent=80"}],"curies":[{"name":"wp","href":"https:\/\/api.w.org\/{rel}","templated":true}]}}