{"id":79,"date":"2013-05-01T16:02:36","date_gmt":"2013-05-01T16:02:36","guid":{"rendered":"http:\/\/nbsprn.wpengine.com\/?page_id=79"},"modified":"2013-06-03T18:09:52","modified_gmt":"2013-06-03T18:09:52","slug":"pillar-functions","status":"publish","type":"page","link":"http:\/\/www.policyresearchnetwork.ca\/fr\/pillar-functions\/","title":{"rendered":"Fonctions piliers"},"content":{"rendered":"<p><strong>Faciliter les relations<\/strong><br \/>\nFaciliter les relations qui engendrent des travaux de recherche concert\u00e9e \u00e0 des fins de prise de d\u00e9cisions et d\u2019\u00e9laboration de politiques fond\u00e9es sur des donn\u00e9es probantes.<\/p>\n<p><strong>Engager les citoyens inform\u00e9s <\/strong><br \/>\nAmener les citoyens \u00e0 contribuer au processus d\u2019\u00e9laboration de politiques.<\/p>\n<p><strong>Mobiliser les connaissances<\/strong><br \/>\nPromouvoir l\u2019utilisation des recherches existantes pour aider \u00e0 la prise de d\u00e9cisions de gouvernance. Informer le discours public gr\u00e2ce \u00e0 l\u2019engagement des citoyens.<\/p>\n<p><strong>Renforcer la capacit\u00e9 de recherche sur les politiques<\/strong><br \/>\nAccro\u00eetre la capacit\u00e9 de recherche en aidant \u00e0 la pr\u00e9paration de demandes de financement, en organisant des ateliers et en compilant et en tenant \u00e0 jour un r\u00e9pertoire des chercheurs et des projets.<\/p>","protected":false},"excerpt":{"rendered":"<p>Faciliter les relations Faciliter les relations qui engendrent des travaux de recherche concert\u00e9e \u00e0 des fins de [&hellip;]<\/p>\n","protected":false},"author":1,"featured_media":0,"parent":0,"menu_order":0,"comment_status":"open","ping_status":"open","template":"","meta":{"footnotes":""},"class_list":["post-79","page","type-page","status-publish","hentry"],"_links":{"self":[{"href":"http:\/\/www.policyresearchnetwork.ca\/fr\/wp-json\/wp\/v2\/pages\/79","targetHints":{"allow":["GET"]}}],"collection":[{"href":"http:\/\/www.policyresearchnetwork.ca\/fr\/wp-json\/wp\/v2\/pages"}],"about":[{"href":"http:\/\/www.policyresearchnetwork.ca\/fr\/wp-json\/wp\/v2\/types\/page"}],"author":[{"embeddable":true,"href":"http:\/\/www.policyresearchnetwork.ca\/fr\/wp-json\/wp\/v2\/users\/1"}],"replies":[{"embeddable":true,"href":"http:\/\/www.policyresearchnetwork.ca\/fr\/wp-json\/wp\/v2\/comments?post=79"}],"version-history":[{"count":0,"href":"http:\/\/www.policyresearchnetwork.ca\/fr\/wp-json\/wp\/v2\/pages\/79\/revisions"}],"wp:attachment":[{"href":"http:\/\/www.policyresearchnetwork.ca\/fr\/wp-json\/wp\/v2\/media?parent=79"}],"curies":[{"name":"wp","href":"https:\/\/api.w.org\/{rel}","templated":true}]}}